{"id":170,"date":"2023-03-05T22:46:19","date_gmt":"2023-03-05T22:46:19","guid":{"rendered":"https:\/\/blanchedalmond-gnu-658331.hostingersite.com\/peritoelectricistagsola\/?page_id=170"},"modified":"2023-03-06T15:42:28","modified_gmt":"2023-03-06T15:42:28","slug":"contacto","status":"publish","type":"page","link":"https:\/\/peritoelectricistagsola.com\/en\/contacto\/","title":{"rendered":"Contact"},"content":{"rendered":"<div data-elementor-type=\"wp-page\" data-elementor-id=\"170\" class=\"elementor elementor-170\" data-elementor-settings=\"{&quot;ha_cmc_init_switcher&quot;:&quot;no&quot;}\">\n\t\t\t\t\t\t<section class=\"elementor-section elementor-top-section elementor-element elementor-element-4288b94 elementor-section-boxed elementor-section-height-default elementor-section-height-default\" data-id=\"4288b94\" data-element_type=\"section\" data-settings=\"{&quot;jet_parallax_layout_list&quot;:[],&quot;background_background&quot;:&quot;classic&quot;,&quot;_ha_eqh_enable&quot;:false}\">\n\t\t\t\t\t\t<div class=\"elementor-container elementor-column-gap-default\">\n\t\t\t\t\t<div class=\"elementor-column elementor-col-100 elementor-top-column elementor-element elementor-element-e1f51cb\" data-id=\"e1f51cb\" data-element_type=\"column\">\n\t\t\t<div class=\"elementor-widget-wrap elementor-element-populated\">\n\t\t\t\t\t\t<div class=\"elementor-element elementor-element-41360b7 elementor-widget elementor-widget-heading\" data-id=\"41360b7\" data-element_type=\"widget\" data-widget_type=\"heading.default\">\n\t\t\t\t<div class=\"elementor-widget-container\">\n\t\t\t\t\t<h2 class=\"elementor-heading-title elementor-size-default\">Servicios garantizados\n<\/h2>\t\t\t\t<\/div>\n\t\t\t\t<\/div>\n\t\t\t\t\t<\/div>\n\t\t<\/div>\n\t\t\t\t\t<\/div>\n\t\t<\/section>\n\t\t\t\t<section class=\"elementor-section elementor-top-section elementor-element elementor-element-da84bc3 elementor-section-boxed elementor-section-height-default elementor-section-height-default\" data-id=\"da84bc3\" data-element_type=\"section\" data-settings=\"{&quot;jet_parallax_layout_list&quot;:[],&quot;_ha_eqh_enable&quot;:false}\">\n\t\t\t\t\t\t<div class=\"elementor-container elementor-column-gap-default\">\n\t\t\t\t\t<div class=\"elementor-column elementor-col-33 elementor-top-column elementor-element elementor-element-f0d8623\" data-id=\"f0d8623\" data-element_type=\"column\">\n\t\t\t<div class=\"elementor-widget-wrap elementor-element-populated\">\n\t\t\t\t\t\t<div class=\"elementor-element elementor-element-f5b5d23 elementor-view-default elementor-position-top elementor-mobile-position-top elementor-widget elementor-widget-icon-box\" data-id=\"f5b5d23\" data-element_type=\"widget\" data-widget_type=\"icon-box.default\">\n\t\t\t\t<div class=\"elementor-widget-container\">\n\t\t\t\t\t\t\t<div class=\"elementor-icon-box-wrapper\">\n\n\t\t\t\t\t\t<div class=\"elementor-icon-box-icon\">\n\t\t\t\t<span  class=\"elementor-icon\">\n\t\t\t\t<i aria-hidden=\"true\" class=\"fas fa-credit-card\"><\/i>\t\t\t\t<\/span>\n\t\t\t<\/div>\n\t\t\t\n\t\t\t\t\t\t<div class=\"elementor-icon-box-content\">\n\n\t\t\t\t\t\t\t\t\t<h3 class=\"elementor-icon-box-title\">\n\t\t\t\t\t\t<span  >\n\t\t\t\t\t\t\tMethod Pay\t\t\t\t\t\t<\/span>\n\t\t\t\t\t<\/h3>\n\t\t\t\t\n\t\t\t\t\t\t\t\t\t<p class=\"elementor-icon-box-description\">\n\t\t\t\t\t\t<img decoding=\"async\" src=\"\/peritoelectricistagsola\/wp-content\/uploads\/2023\/02\/26.png\" width=\"60px\"><img decoding=\"async\" src=\"\/peritoelectricistagsola\/wp-content\/uploads\/2023\/02\/27.png\" width=\"60px\">\t\t\t\t\t<\/p>\n\t\t\t\t\n\t\t\t<\/div>\n\t\t\t\n\t\t<\/div>\n\t\t\t\t\t\t<\/div>\n\t\t\t\t<\/div>\n\t\t\t\t\t<\/div>\n\t\t<\/div>\n\t\t\t\t<div class=\"elementor-column elementor-col-33 elementor-top-column elementor-element elementor-element-3a8f871\" data-id=\"3a8f871\" data-element_type=\"column\">\n\t\t\t<div class=\"elementor-widget-wrap elementor-element-populated\">\n\t\t\t\t\t\t<div class=\"elementor-element elementor-element-4eb2530 elementor-view-default elementor-position-top elementor-mobile-position-top elementor-widget elementor-widget-icon-box\" data-id=\"4eb2530\" data-element_type=\"widget\" data-widget_type=\"icon-box.default\">\n\t\t\t\t<div class=\"elementor-widget-container\">\n\t\t\t\t\t\t\t<div class=\"elementor-icon-box-wrapper\">\n\n\t\t\t\t\t\t<div class=\"elementor-icon-box-icon\">\n\t\t\t\t<span  class=\"elementor-icon\">\n\t\t\t\t<i aria-hidden=\"true\" class=\"fas fa-paper-plane\"><\/i>\t\t\t\t<\/span>\n\t\t\t<\/div>\n\t\t\t\n\t\t\t\t\t\t<div class=\"elementor-icon-box-content\">\n\n\t\t\t\t\t\t\t\t\t<h3 class=\"elementor-icon-box-title\">\n\t\t\t\t\t\t<span  >\n\t\t\t\t\t\t\tServices \u00c1rea\t\t\t\t\t\t<\/span>\n\t\t\t\t\t<\/h3>\n\t\t\t\t\n\t\t\t\t\t\t\t\t\t<p class=\"elementor-icon-box-description\">\n\t\t\t\t\t\tEntire Island\t\t\t\t\t<\/p>\n\t\t\t\t\n\t\t\t<\/div>\n\t\t\t\n\t\t<\/div>\n\t\t\t\t\t\t<\/div>\n\t\t\t\t<\/div>\n\t\t\t\t\t<\/div>\n\t\t<\/div>\n\t\t\t\t<div class=\"elementor-column elementor-col-33 elementor-top-column elementor-element elementor-element-52a5389\" data-id=\"52a5389\" data-element_type=\"column\">\n\t\t\t<div class=\"elementor-widget-wrap elementor-element-populated\">\n\t\t\t\t\t\t<div class=\"elementor-element elementor-element-667565a elementor-view-default elementor-position-top elementor-mobile-position-top elementor-widget elementor-widget-icon-box\" data-id=\"667565a\" data-element_type=\"widget\" data-widget_type=\"icon-box.default\">\n\t\t\t\t<div class=\"elementor-widget-container\">\n\t\t\t\t\t\t\t<div class=\"elementor-icon-box-wrapper\">\n\n\t\t\t\t\t\t<div class=\"elementor-icon-box-icon\">\n\t\t\t\t<span  class=\"elementor-icon\">\n\t\t\t\t<i aria-hidden=\"true\" class=\"fas fa-clock\"><\/i>\t\t\t\t<\/span>\n\t\t\t<\/div>\n\t\t\t\n\t\t\t\t\t\t<div class=\"elementor-icon-box-content\">\n\n\t\t\t\t\t\t\t\t\t<h3 class=\"elementor-icon-box-title\">\n\t\t\t\t\t\t<span  >\n\t\t\t\t\t\t\tHours\t\t\t\t\t\t<\/span>\n\t\t\t\t\t<\/h3>\n\t\t\t\t\n\t\t\t\t\t\t\t\t\t<p class=\"elementor-icon-box-description\">\n\t\t\t\t\t\tMonday to Saturday 7:00am-7:00pm\n\n\t\t\t\t\t<\/p>\n\t\t\t\t\n\t\t\t<\/div>\n\t\t\t\n\t\t<\/div>\n\t\t\t\t\t\t<\/div>\n\t\t\t\t<\/div>\n\t\t\t\t\t<\/div>\n\t\t<\/div>\n\t\t\t\t\t<\/div>\n\t\t<\/section>\n\t\t\t\t<section class=\"elementor-section elementor-top-section elementor-element elementor-element-d57b074 elementor-section-boxed elementor-section-height-default elementor-section-height-default\" data-id=\"d57b074\" data-element_type=\"section\" data-settings=\"{&quot;jet_parallax_layout_list&quot;:[],&quot;background_background&quot;:&quot;classic&quot;,&quot;_ha_eqh_enable&quot;:false}\">\n\t\t\t\t\t\t\t<div class=\"elementor-background-overlay\"><\/div>\n\t\t\t\t\t\t\t<div class=\"elementor-container elementor-column-gap-default\">\n\t\t\t\t\t<div class=\"elementor-column elementor-col-100 elementor-top-column elementor-element elementor-element-305e8fc\" data-id=\"305e8fc\" data-element_type=\"column\">\n\t\t\t<div class=\"elementor-widget-wrap elementor-element-populated\">\n\t\t\t\t\t\t<div class=\"elementor-element elementor-element-9decb60 elementor-widget elementor-widget-ha-wpform happy-addon ha-wpform\" data-id=\"9decb60\" data-element_type=\"widget\" data-widget_type=\"ha-wpform.default\">\n\t\t\t\t<div class=\"elementor-widget-container\">\n\t\t\t\t\t<div class=\"wpforms-container wpforms-container-full\" id=\"wpforms-66\"><form id=\"wpforms-form-66\" class=\"wpforms-validate wpforms-form wpforms-ajax-form\" data-formid=\"66\" method=\"post\" enctype=\"multipart\/form-data\" action=\"\/en\/wp-json\/wp\/v2\/pages\/170\" data-token=\"754f7cd56ec203a2d6af9dcd4ca5755a\" data-token-time=\"1776486639\" data-trp-original-action=\"\/en\/wp-json\/wp\/v2\/pages\/170\"><noscript class=\"wpforms-error-noscript\">Please enable JavaScript in your browser to complete this form.<\/noscript><div class=\"wpforms-field-container\"><div id=\"wpforms-66-field_2-container\" class=\"wpforms-field wpforms-field-name wpforms-one-half wpforms-first\" data-field-id=\"2\"><label class=\"wpforms-field-label\" for=\"wpforms-66-field_2\">Name and Last Name <span class=\"wpforms-required-label\">*<\/span><\/label><input type=\"text\" id=\"wpforms-66-field_2\" class=\"wpforms-field-large wpforms-field-required\" name=\"wpforms[fields][2]\" required><\/div><div id=\"wpforms-66-field_1-container\" class=\"wpforms-field wpforms-field-number wpforms-one-half\" data-field-id=\"1\"><label class=\"wpforms-field-label\" for=\"wpforms-66-field_1\">Phone<\/label><input type=\"number\" id=\"wpforms-66-field_1\" class=\"wpforms-field-large\" name=\"wpforms[fields][1]\" step=\"any\" ><\/div><div id=\"wpforms-66-field_4-container\" class=\"wpforms-field wpforms-field-email\" data-field-id=\"4\"><label class=\"wpforms-field-label\" for=\"wpforms-66-field_4\">Email <span class=\"wpforms-required-label\">*<\/span><\/label><input type=\"email\" id=\"wpforms-66-field_4\" class=\"wpforms-field-large wpforms-field-required\" name=\"wpforms[fields][4]\" spellcheck=\"false\" required><\/div><div id=\"wpforms-66-field_3-container\" class=\"wpforms-field wpforms-field-textarea\" data-field-id=\"3\"><label class=\"wpforms-field-label\" for=\"wpforms-66-field_3\">Message<\/label><textarea id=\"wpforms-66-field_3\" class=\"wpforms-field-medium\" name=\"wpforms[fields][3]\" ><\/textarea><\/div><\/div><!-- .wpforms-field-container --><div class=\"wpforms-recaptcha-container wpforms-is-recaptcha wpforms-is-recaptcha-type-v3\" ><input type=\"hidden\" name=\"wpforms[recaptcha]\" value=\"\"><\/div><div class=\"wpforms-submit-container\" ><input type=\"hidden\" name=\"wpforms[id]\" value=\"66\"><input type=\"hidden\" name=\"page_title\" value=\"\"><input type=\"hidden\" name=\"page_url\" value=\"https:\/\/peritoelectricistagsola.com\/en\/wp-json\/wp\/v2\/pages\/170\"><input type=\"hidden\" name=\"url_referer\" value=\"\"><button type=\"submit\" name=\"wpforms[submit]\" id=\"wpforms-submit-66\" class=\"wpforms-submit\" data-alt-text=\"Enviando...\" data-submit-text=\"Enviar\" aria-live=\"assertive\" value=\"wpforms-submit\">Send<\/button><img decoding=\"async\" src=\"https:\/\/peritoelectricistagsola.com\/wp-content\/plugins\/wpforms\/assets\/images\/submit-spin.svg\" class=\"wpforms-submit-spinner\" style=\"display: none;\" width=\"26\" height=\"26\" alt=\"Loading\"><\/div><input type=\"hidden\" name=\"trp-form-language\" value=\"en\"\/><\/form><\/div>  <!-- .wpforms-container -->\t\t\t\t<\/div>\n\t\t\t\t<\/div>\n\t\t\t\t\t<\/div>\n\t\t<\/div>\n\t\t\t\t\t<\/div>\n\t\t<\/section>\n\t\t\t\t<\/div>","protected":false},"excerpt":{"rendered":"<p>Servicios garantizados M\u00e9todos de pago \u00c1rea de servicio Toda la Isla Horario Lunes a S\u00e1bados: 7:00 am &#8211; 7:00 pm Por favor, activa JavaScript en tu navegador para completar este formulario.Nombre y Apellidos *Tel\u00e9fonoCorreo electr\u00f3nico *Mensaje Enviar<\/p>","protected":false},"author":1,"featured_media":0,"parent":0,"menu_order":0,"comment_status":"closed","ping_status":"closed","template":"elementor_header_footer","meta":{"_joinchat":[],"footnotes":""},"class_list":["post-170","page","type-page","status-publish","hentry"],"yoast_head":"<!-- This site is optimized with the Yoast SEO plugin v25.3 - https:\/\/yoast.com\/wordpress\/plugins\/seo\/ -->\n<title>Contacto - Gerardo A Sola Flores<\/title>\n<meta name=\"robots\" content=\"index, follow, max-snippet:-1, max-image-preview:large, max-video-preview:-1\" \/>\n<link rel=\"canonical\" href=\"https:\/\/peritoelectricistagsola.com\/en\/contacto\/\" \/>\n<meta property=\"og:locale\" content=\"en_US\" \/>\n<meta property=\"og:type\" content=\"article\" \/>\n<meta property=\"og:title\" content=\"Contacto - Gerardo A Sola Flores\" \/>\n<meta property=\"og:description\" content=\"Servicios garantizados M\u00e9todos de pago \u00c1rea de servicio Toda la Isla Horario Lunes a S\u00e1bados: 7:00 am &#8211; 7:00 pm Por favor, activa JavaScript en tu navegador para completar este formulario.Nombre y Apellidos *Tel\u00e9fonoCorreo electr\u00f3nico *Mensaje Enviar\" \/>\n<meta property=\"og:url\" content=\"https:\/\/peritoelectricistagsola.com\/en\/contacto\/\" \/>\n<meta property=\"og:site_name\" content=\"Gerardo A Sola Flores\" \/>\n<meta property=\"article:modified_time\" content=\"2023-03-06T15:42:28+00:00\" \/>\n<meta property=\"og:image\" content=\"https:\/\/blanchedalmond-gnu-658331.hostingersite.com\/peritoelectricistagsola\/wp-content\/plugins\/wpforms-lite\/assets\/images\/submit-spin.svg\" \/>\n<meta name=\"twitter:card\" content=\"summary_large_image\" \/>\n<meta name=\"twitter:label1\" content=\"Est. reading time\" \/>\n\t<meta name=\"twitter:data1\" content=\"1 minute\" \/>\n<script type=\"application\/ld+json\" class=\"yoast-schema-graph\">{\"@context\":\"https:\/\/schema.org\",\"@graph\":[{\"@type\":\"WebPage\",\"@id\":\"https:\/\/peritoelectricistagsola.com\/contacto\/\",\"url\":\"https:\/\/peritoelectricistagsola.com\/contacto\/\",\"name\":\"Contacto - Gerardo A Sola Flores\",\"isPartOf\":{\"@id\":\"https:\/\/peritoelectricistagsola.com\/#website\"},\"primaryImageOfPage\":{\"@id\":\"https:\/\/peritoelectricistagsola.com\/contacto\/#primaryimage\"},\"image\":{\"@id\":\"https:\/\/peritoelectricistagsola.com\/contacto\/#primaryimage\"},\"thumbnailUrl\":\"https:\/\/blanchedalmond-gnu-658331.hostingersite.com\/peritoelectricistagsola\/wp-content\/plugins\/wpforms-lite\/assets\/images\/submit-spin.svg\",\"datePublished\":\"2023-03-05T22:46:19+00:00\",\"dateModified\":\"2023-03-06T15:42:28+00:00\",\"breadcrumb\":{\"@id\":\"https:\/\/peritoelectricistagsola.com\/contacto\/#breadcrumb\"},\"inLanguage\":\"en-US\",\"potentialAction\":[{\"@type\":\"ReadAction\",\"target\":[\"https:\/\/peritoelectricistagsola.com\/contacto\/\"]}]},{\"@type\":\"ImageObject\",\"inLanguage\":\"en-US\",\"@id\":\"https:\/\/peritoelectricistagsola.com\/contacto\/#primaryimage\",\"url\":\"https:\/\/blanchedalmond-gnu-658331.hostingersite.com\/peritoelectricistagsola\/wp-content\/plugins\/wpforms-lite\/assets\/images\/submit-spin.svg\",\"contentUrl\":\"https:\/\/blanchedalmond-gnu-658331.hostingersite.com\/peritoelectricistagsola\/wp-content\/plugins\/wpforms-lite\/assets\/images\/submit-spin.svg\"},{\"@type\":\"BreadcrumbList\",\"@id\":\"https:\/\/peritoelectricistagsola.com\/contacto\/#breadcrumb\",\"itemListElement\":[{\"@type\":\"ListItem\",\"position\":1,\"name\":\"Portada\",\"item\":\"https:\/\/peritoelectricistagsola.com\/\"},{\"@type\":\"ListItem\",\"position\":2,\"name\":\"Contacto\"}]},{\"@type\":\"WebSite\",\"@id\":\"https:\/\/peritoelectricistagsola.com\/#website\",\"url\":\"https:\/\/peritoelectricistagsola.com\/\",\"name\":\"Gerardo A Sola Flores\",\"description\":\"Perito Electricista\",\"publisher\":{\"@id\":\"https:\/\/peritoelectricistagsola.com\/#organization\"},\"potentialAction\":[{\"@type\":\"SearchAction\",\"target\":{\"@type\":\"EntryPoint\",\"urlTemplate\":\"https:\/\/peritoelectricistagsola.com\/?s={search_term_string}\"},\"query-input\":{\"@type\":\"PropertyValueSpecification\",\"valueRequired\":true,\"valueName\":\"search_term_string\"}}],\"inLanguage\":\"en-US\"},{\"@type\":\"Organization\",\"@id\":\"https:\/\/peritoelectricistagsola.com\/#organization\",\"name\":\"Gerardo A Sola Flores\",\"url\":\"https:\/\/peritoelectricistagsola.com\/\",\"logo\":{\"@type\":\"ImageObject\",\"inLanguage\":\"en-US\",\"@id\":\"https:\/\/peritoelectricistagsola.com\/#\/schema\/logo\/image\/\",\"url\":\"https:\/\/peritoelectricistagsola.com\/wp-content\/uploads\/2023\/02\/LOGO-NUEVO-SOLA.png\",\"contentUrl\":\"https:\/\/peritoelectricistagsola.com\/wp-content\/uploads\/2023\/02\/LOGO-NUEVO-SOLA.png\",\"width\":648,\"height\":529,\"caption\":\"Gerardo A Sola Flores\"},\"image\":{\"@id\":\"https:\/\/peritoelectricistagsola.com\/#\/schema\/logo\/image\/\"}}]}<\/script>\n<!-- \/ Yoast SEO plugin. -->","yoast_head_json":{"title":"Contacto - Gerardo A Sola Flores","robots":{"index":"index","follow":"follow","max-snippet":"max-snippet:-1","max-image-preview":"max-image-preview:large","max-video-preview":"max-video-preview:-1"},"canonical":"https:\/\/peritoelectricistagsola.com\/en\/contacto\/","og_locale":"en_US","og_type":"article","og_title":"Contacto - Gerardo A Sola Flores","og_description":"Servicios garantizados M\u00e9todos de pago \u00c1rea de servicio Toda la Isla Horario Lunes a S\u00e1bados: 7:00 am &#8211; 7:00 pm Por favor, activa JavaScript en tu navegador para completar este formulario.Nombre y Apellidos *Tel\u00e9fonoCorreo electr\u00f3nico *Mensaje Enviar","og_url":"https:\/\/peritoelectricistagsola.com\/en\/contacto\/","og_site_name":"Gerardo A Sola Flores","article_modified_time":"2023-03-06T15:42:28+00:00","og_image":[{"url":"https:\/\/blanchedalmond-gnu-658331.hostingersite.com\/peritoelectricistagsola\/wp-content\/plugins\/wpforms-lite\/assets\/images\/submit-spin.svg","type":"","width":"","height":""}],"twitter_card":"summary_large_image","twitter_misc":{"Est. reading time":"1 minute"},"schema":{"@context":"https:\/\/schema.org","@graph":[{"@type":"WebPage","@id":"https:\/\/peritoelectricistagsola.com\/contacto\/","url":"https:\/\/peritoelectricistagsola.com\/contacto\/","name":"Contacto - Gerardo A Sola Flores","isPartOf":{"@id":"https:\/\/peritoelectricistagsola.com\/#website"},"primaryImageOfPage":{"@id":"https:\/\/peritoelectricistagsola.com\/contacto\/#primaryimage"},"image":{"@id":"https:\/\/peritoelectricistagsola.com\/contacto\/#primaryimage"},"thumbnailUrl":"https:\/\/blanchedalmond-gnu-658331.hostingersite.com\/peritoelectricistagsola\/wp-content\/plugins\/wpforms-lite\/assets\/images\/submit-spin.svg","datePublished":"2023-03-05T22:46:19+00:00","dateModified":"2023-03-06T15:42:28+00:00","breadcrumb":{"@id":"https:\/\/peritoelectricistagsola.com\/contacto\/#breadcrumb"},"inLanguage":"en-US","potentialAction":[{"@type":"ReadAction","target":["https:\/\/peritoelectricistagsola.com\/contacto\/"]}]},{"@type":"ImageObject","inLanguage":"en-US","@id":"https:\/\/peritoelectricistagsola.com\/contacto\/#primaryimage","url":"https:\/\/blanchedalmond-gnu-658331.hostingersite.com\/peritoelectricistagsola\/wp-content\/plugins\/wpforms-lite\/assets\/images\/submit-spin.svg","contentUrl":"https:\/\/blanchedalmond-gnu-658331.hostingersite.com\/peritoelectricistagsola\/wp-content\/plugins\/wpforms-lite\/assets\/images\/submit-spin.svg"},{"@type":"BreadcrumbList","@id":"https:\/\/peritoelectricistagsola.com\/contacto\/#breadcrumb","itemListElement":[{"@type":"ListItem","position":1,"name":"Portada","item":"https:\/\/peritoelectricistagsola.com\/"},{"@type":"ListItem","position":2,"name":"Contacto"}]},{"@type":"WebSite","@id":"https:\/\/peritoelectricistagsola.com\/#website","url":"https:\/\/peritoelectricistagsola.com\/","name":"Gerardo A Sola Flores","description":"Master Electrician","publisher":{"@id":"https:\/\/peritoelectricistagsola.com\/#organization"},"potentialAction":[{"@type":"SearchAction","target":{"@type":"EntryPoint","urlTemplate":"https:\/\/peritoelectricistagsola.com\/?s={search_term_string}"},"query-input":{"@type":"PropertyValueSpecification","valueRequired":true,"valueName":"search_term_string"}}],"inLanguage":"en-US"},{"@type":"Organization","@id":"https:\/\/peritoelectricistagsola.com\/#organization","name":"Gerardo A Sola Flores","url":"https:\/\/peritoelectricistagsola.com\/","logo":{"@type":"ImageObject","inLanguage":"en-US","@id":"https:\/\/peritoelectricistagsola.com\/#\/schema\/logo\/image\/","url":"https:\/\/peritoelectricistagsola.com\/wp-content\/uploads\/2023\/02\/LOGO-NUEVO-SOLA.png","contentUrl":"https:\/\/peritoelectricistagsola.com\/wp-content\/uploads\/2023\/02\/LOGO-NUEVO-SOLA.png","width":648,"height":529,"caption":"Gerardo A Sola Flores"},"image":{"@id":"https:\/\/peritoelectricistagsola.com\/#\/schema\/logo\/image\/"}}]}},"_links":{"self":[{"href":"https:\/\/peritoelectricistagsola.com\/en\/wp-json\/wp\/v2\/pages\/170","targetHints":{"allow":["GET"]}}],"collection":[{"href":"https:\/\/peritoelectricistagsola.com\/en\/wp-json\/wp\/v2\/pages"}],"about":[{"href":"https:\/\/peritoelectricistagsola.com\/en\/wp-json\/wp\/v2\/types\/page"}],"author":[{"embeddable":true,"href":"https:\/\/peritoelectricistagsola.com\/en\/wp-json\/wp\/v2\/users\/1"}],"replies":[{"embeddable":true,"href":"https:\/\/peritoelectricistagsola.com\/en\/wp-json\/wp\/v2\/comments?post=170"}],"version-history":[{"count":22,"href":"https:\/\/peritoelectricistagsola.com\/en\/wp-json\/wp\/v2\/pages\/170\/revisions"}],"predecessor-version":[{"id":394,"href":"https:\/\/peritoelectricistagsola.com\/en\/wp-json\/wp\/v2\/pages\/170\/revisions\/394"}],"wp:attachment":[{"href":"https:\/\/peritoelectricistagsola.com\/en\/wp-json\/wp\/v2\/media?parent=170"}],"curies":[{"name":"wp","href":"https:\/\/api.w.org\/{rel}","templated":true}]}}